{"id":14151,"date":"2019-12-16T09:02:13","date_gmt":"2019-12-16T08:02:13","guid":{"rendered":"https:\/\/barbomusic.com\/mentions-legales\/"},"modified":"2020-05-26T11:01:13","modified_gmt":"2020-05-26T09:01:13","slug":"mentions-legales","status":"publish","type":"page","link":"https:\/\/barbomusic.com\/es\/mentions-legales\/","title":{"rendered":"Mentions L\u00e9gales"},"content":{"rendered":"\r\n<h2 class=\"wp-block-heading\">I. IDENTIFICATION<\/h2>\r\n\r\n\r\n\r\n<p>Le pr\u00e9sent site accessible \u00e0 l\u2019adresse\u00a0<a href=\"https:\/\/lapresticouiston.com\/\">https:\/\/www.barbomusic.com<\/a>\u00a0est \u00e9dit\u00e9 par\u00a0<strong>PHILIPPE BARBOSA<\/strong>, entreprise individuelle, immatricul\u00e9e num\u00e9ro RCS 501 301 295, dont le si\u00e8ge social est situ\u00e9 : 5 Rue Alfred Stevens, 75009 PARIS<br \/>Le Directeur de la publication du Site est : Philippe Barbosa en sa qualit\u00e9 de g\u00e9rant de l&#8217;entreprise.<\/p>\r\n\r\n\r\n\r\n<p>L\u2019h\u00e9bergement du Site est assur\u00e9 par la soci\u00e9t\u00e9\u00a0<strong>O2SWITCH<\/strong>, SARL au capital de 100000\u20ac immatricul\u00e9e au RCS de Clermont-Ferrand sous le num\u00e9ro 510 909 807 dont le si\u00e8ge social est situ\u00e9 : 222-224 Boulevard Gustave Flaubert 63000 Clermont-Ferrand<\/p>\r\n\r\n\r\n\r\n<p>L\u2019acc\u00e8s au Site ainsi que l\u2019utilisation de son contenu s\u2019effectuent dans le cadre des mentions d\u2019utilisation d\u00e9crites ci-apr\u00e8s. Le fait d\u2019acc\u00e9der et de naviguer sur le Site constitue de la part de l\u2019internaute une acceptation sans r\u00e9serve des pr\u00e9cisions suivantes :<\/p>\r\n\r\n\r\n\r\n<h2 class=\"wp-block-heading\">II. COPYRIGHT \u2013 PROPRIETE INTELLECTUELLE<\/h2>\r\n\r\n\r\n\r\n<h3 class=\"wp-block-heading\">2.1 Titularit\u00e9<\/h3>\r\n\r\n\r\n\r\n<p><strong>PHILIPPE BARBOSA<\/strong>\u00a0est titulaire du nom de domaine\u00a0<em>barbomusic.com et barbo-music.com<\/em><\/p>\r\n\r\n\r\n\r\n<p>Le site dans son ensemble, ainsi que les \u00e9l\u00e9ments qui le composent (notamment, textes, arborescence, logiciels, animations, photographies, illustrations, sch\u00e9mas, repr\u00e9sentations graphiques, logos, etc.) constituent des \u0153uvres de l\u2019esprit prot\u00e9g\u00e9es par les articles L.111-1 et suivants du Code de la propri\u00e9t\u00e9 intellectuelle. Le Site ainsi que les \u00e9l\u00e9ments qui le composent sont la propri\u00e9t\u00e9 exclusive de\u00a0<strong>PHILIPPE BARBOSA <\/strong>et des auteurs cr\u00e9dit\u00e9s dans la page &#8220;Cr\u00e9dits&#8221;, seuls habilit\u00e9s \u00e0 utiliser les droits de propri\u00e9t\u00e9 intellectuelle et droits de la personnalit\u00e9 y aff\u00e9rents, notamment marques, mod\u00e8les, droits d\u2019auteur et droit \u00e0 l\u2019image, \u00e0 titre originaire ou par l\u2019effet d\u2019une licence ou d\u2019une autorisation expresse.<br \/>PHILIPPE BARBOSA se r\u00e9serve le droit d&#8217;exprimer son propre droit \u00e0 l&#8221;image aupr\u00e8s des auteurs des images cr\u00e9dit\u00e9s dans la page Cr\u00e9dits du site, notamment en cas d&#8217;utilisation commerciale des photographies par ses auteurs.<br \/>Les auteurs peuvent exprimer leur droit de retrait de leurs images par simple demande par mail : contact@philippebarbosa.com<\/p>\r\n\r\n\r\n\r\n<h3 class=\"wp-block-heading\">2.2 Sanctions<\/h3>\r\n\r\n\r\n\r\n<p>L\u2019usage de tout ou une partie du site, notamment par t\u00e9l\u00e9chargement, reproduction, transmission, repr\u00e9sentation ou diffusion \u00e0 d\u2019autres fins que pour l\u2019usage personnel et priv\u00e9 dans un but non commercial de l\u2019internaute est strictement interdit. La violation de ces dispositions soumet son auteur aux sanctions pr\u00e9vues tant par le Code de la propri\u00e9t\u00e9 intellectuelle au titre notamment de la contrefa\u00e7on de droits d\u2019auteur (article L.335-3), de droit des marques (article L.716-9) que par le Code civil en mati\u00e8re de responsabilit\u00e9 civile (article 9, articles 1382 et suivants).<\/p>\r\n\r\n\r\n\r\n<h3 class=\"wp-block-heading\">2.3 Liens hypertextes<\/h3>\r\n\r\n\r\n\r\n<p>Tous les sites ayant un lien hypertexte dirigeant vers le Site ou l\u2019un quelconque des \u00e9l\u00e9ments qui le composent ne sont pas sous le contr\u00f4le de\u00a0<strong>PHILIPPE BARBOSA<\/strong>\u00a0et celle-ci d\u00e9cline par cons\u00e9quent toute responsabilit\u00e9 (notamment \u00e9ditoriale) concernant l\u2019acc\u00e8s \u00e0 ces sites et leur contenu.<\/p>\r\n\r\n\r\n\r\n<h2 class=\"wp-block-heading\">III. DONNEES A CARACTERE PERSONNEL<\/h2>\r\n\r\n\r\n\r\n<h3 class=\"wp-block-heading\">3.1 Nature des donn\u00e9es \u00e0 caract\u00e8re personnel<\/h3>\r\n\r\n\r\n\r\n<p>On entend par donn\u00e9es \u00e0 caract\u00e8re personnel toute information personnelle (notamment : identifiant, mot de passe, nom, pr\u00e9nom, date de naissance, num\u00e9ro de t\u00e9l\u00e9phone adresses e-mail et postales, ville, Etat\/D\u00e9partement) que les internautes sont susceptibles de fournir \u00e0\u00a0<strong>PHILIPPE BARBOSA<\/strong>\u00a0dans le cadre de leur inscription \u00e0 la newsletter ou de la cr\u00e9ation de compte pour effectuer une commande sur la e-boutique de\u00a0<strong><strong>PHILIPPE BARBOSA<\/strong><\/strong>. Lorsque l\u2019internaute fournit des donn\u00e9es \u00e0 caract\u00e8re personnel, il s\u2019engage \u00e0 r\u00e9pondre aux questions qui lui sont pos\u00e9es dans le cadre de son inscription \u00e0 la newsletter de\u00a0<strong><strong>PHILIPPE BARBOSA<\/strong><\/strong>\u00a0et \u00e0 communiquer dans ce cadre \u00e0\u00a0<strong><strong>PHILIPPE BARBOSA<\/strong><\/strong>\u00a0des informations exactes et ne portant pas pr\u00e9judice aux int\u00e9r\u00eats ou aux droits de tiers.<\/p>\r\n\r\n\r\n\r\n<h3 class=\"wp-block-heading\">3.2 Consentement<\/h3>\r\n\r\n\r\n\r\n<p>Aucune donn\u00e9e \u00e0 caract\u00e8re personnel n\u2019est collect\u00e9e sans le consentement des internautes. La nature facultative ou obligatoire des mentions \u00e0 communiquer \u00e0\u00a0<strong><strong>PHILIPPE BARBOSA<\/strong><\/strong>\u00a0dans ce cadre sera pr\u00e9alablement indiqu\u00e9e aux internautes. Ces derniers ne sont aucunement contraints de transmettre \u00e0\u00a0<strong><strong>PHILIPPE BARBOSA<\/strong><\/strong>\u00a0des donn\u00e9es \u00e0 caract\u00e8re personnel. Toutefois, en cas de refus,\u00a0<strong><strong>PHILIPPE BARBOSA<\/strong><\/strong>\u00a0ne sera pas en mesure d\u2019adresser aux internautes sa newsletter ou de finaliser la cr\u00e9ation de compte sur la e-boutique. En tout \u00e9tat de cause, si l\u2019internaute ne souhaite pas ou plus recevoir la newsletter de\u00a0<strong><strong>PHILIPPE BARBOSA<\/strong><\/strong>\u00a0il peut en aviser\u00a0<strong><strong>PHILIPPE BARBOSA<\/strong><\/strong>\u00a0en envoyant un email \u00e0 l\u2019adresse suivante :\u00a0<a href=\"mailto:eshop@lapresticouiston.com\">contact@philippebarbosa.com<\/a><\/p>\r\n\r\n\r\n\r\n<h3 class=\"wp-block-heading\">3.3 Identit\u00e9 du responsable du traitement de donn\u00e9es \u00e0 caract\u00e8re personnel<\/h3>\r\n\r\n\r\n\r\n<p>L&#8217;entreprise\u00a0<strong><strong>PHILIPPE BARBOSA<\/strong><\/strong>\u00a0est responsable de la collecte et du traitement des donn\u00e9es \u00e0 caract\u00e8re personnel effectu\u00e9s sur le Site.<\/p>\r\n\r\n\r\n\r\n<h3 class=\"wp-block-heading\">3.4 Destinataire(s) des donn\u00e9es \u00e0 caract\u00e8re personnel<\/h3>\r\n\r\n\r\n\r\n<p>L&#8217;entreprise\u00a0<strong><strong>PHILIPPE BARBOSA<\/strong><\/strong>\u00a0est la seule destinataire des donn\u00e9es \u00e0 caract\u00e8re personnel collect\u00e9es sur le Site. Les donn\u00e9es \u00e0 caract\u00e8re personnel ne seront pas communiqu\u00e9es \u00e0 des tiers.<\/p>\r\n\r\n\r\n\r\n<h3 class=\"wp-block-heading\">3.5 Droits de l\u2019internaute<\/h3>\r\n\r\n\r\n\r\n<p>Chaque internaute dispose d\u2019un droit d\u2019acc\u00e8s, d\u2019un droit de rectifier, de compl\u00e9ter, de mettre \u00e0 jour, de verrouiller, de s\u2019opposer ou d\u2019effacer les donn\u00e9es \u00e0 caract\u00e8re personnel le concernant. Pour exercer ces droits, l\u2019internaute peut contacter par courrier \u00e9lectronique\u00a0<strong>PHILIPPE BARBOSA<\/strong>\u00a0\u00e0 l\u2019adresse suivante : contact@philippebarbosa.com<\/p>\r\n\r\n\r\n\r\n<h3 class=\"wp-block-heading\">3.6 Cookies<\/h3>\r\n\r\n\r\n\r\n<p><strong><strong>PHILIPPE BARBOSA<\/strong><\/strong>\u00a0peut \u00eatre amen\u00e9e \u00e0 implanter un \u00ab cookie \u00bb (identifiant alphanum\u00e9rique) dans le disque dur de l\u2019ordinateur de l\u2019internaute et ce, dans le seul but de pouvoir le reconna\u00eetre lors de ses prochaines consultations du Site. La dur\u00e9e de conservation des informations relatives \u00e0 la navigation de l\u2019internaute fournies par \u00ab cookie \u00bb sur le Site n\u2019exc\u00e8dera pas une ann\u00e9e. Il est rappel\u00e9 que l\u2019internaute peut s\u2019opposer \u00e0 l\u2019enregistrement de \u00ab cookies \u00bb sur son disque dur en configurant son logiciel de navigation sur internet .<\/p>\r\n\r\n\r\n\r\n<h2 class=\"wp-block-heading\">IV. RESPONSABILITE<\/h2>\r\n\r\n\r\n\r\n<p><strong><strong>PHILIPPE BARBOSA<\/strong><\/strong>\u00a0s\u2019efforce d\u2019assurer au mieux de ses possibilit\u00e9s l\u2019exactitude et la mise \u00e0 jour des informations diffus\u00e9es sur le Site, dont elle se r\u00e9serve le droit de corriger, \u00e0 tout moment et sans pr\u00e9avis, le contenu. Toutefois\u00a0<strong><strong>PHILIPPE BARBOSA<\/strong><\/strong>\u00a0ne peut garantir l\u2019exactitude, la pr\u00e9cision et l\u2019exhaustivit\u00e9 des informations mises \u00e0 disposition sur le Site lesquelles informations ne constituent ni une garantie ni un engagement de la part de\u00a0<strong><strong>PHILIPPE BARBOSA<\/strong><\/strong>\u00a0\u00e0 l\u2019\u00e9gard de l\u2019internaute. En particulier,\u00a0<strong><strong>PHILIPPE BARBOSA<\/strong><\/strong>\u00a0ne saurait \u00eatre tenue pour responsable :<\/p>\r\n\r\n\r\n\r\n<p>\u2013 de toute impr\u00e9cision, inexactitude ou omission portant sur des informations disponibles sur le Site ;<br \/>\u2013 de tous dommages r\u00e9sultant d\u2019une intrusion informatique d\u2019un tiers ayant entra\u00een\u00e9 une modification des informations mises \u00e0 disposition sur le Site ;<br \/>\u2013 et plus g\u00e9n\u00e9ralement, de tous dommages, directs ou indirects, qu\u2019elles qu\u2019en soient les causes, origines, natures et cons\u00e9quences, provoqu\u00e9s \u00e0 raison de l\u2019acc\u00e8s de quiconque au Site ou de l\u2019impossibilit\u00e9 d\u2019y acc\u00e9der, de m\u00eame que l\u2019utilisation du Site et\/ou du cr\u00e9dit accord\u00e9 \u00e0 une quelconque information provenant directement ou indirectement de ce dernier.<\/p>\r\n\r\n\r\n\r\n<p><strong><strong>PHILIPPE BARBOSA<\/strong><\/strong>\u00a0met en \u0153uvre des moyens destin\u00e9s \u00e0 assurer la s\u00e9curit\u00e9 des fichiers constitu\u00e9s \u00e0 partir des donn\u00e9es \u00e0 caract\u00e8re personnel collect\u00e9es sur le Site. Il est toutefois rappel\u00e9 que\u00a0<strong><strong>PHILIPPE BARBOSA<\/strong><\/strong>\u00a0ne ma\u00eetrise pas les risques li\u00e9s au fonctionnement d\u2019Internet et attire l\u2019attention des internautes sur l\u2019existence d\u2019\u00e9ventuels risques en termes de confidentialit\u00e9 des donn\u00e9es transitant via ce r\u00e9seau.<\/p>\r\n\r\n\r\n\r\n<h2 class=\"wp-block-heading\">V. MODIFICATIONS DES MENTIONS<\/h2>\r\n\r\n\r\n\r\n<p><strong><strong>PHILIPPE BARBOSA<\/strong><\/strong>\u00a0informe les internautes consultant le Site que les pr\u00e9sentes mentions peuvent \u00eatre modifi\u00e9es \u00e0 tout moment. Ces modifications sont publi\u00e9es par leur mise en ligne et sont r\u00e9put\u00e9es accept\u00e9es sans r\u00e9serve par tout internaute qui acc\u00e8de au Site post\u00e9rieurement \u00e0 leur mise en ligne.<\/p>\r\n\r\n\r\n\r\n<h2 class=\"wp-block-heading\">VI. LITIGES<\/h2>\r\n\r\n\r\n\r\n<p>Les pr\u00e9sentes mentions sont \u00e9tablies en conformit\u00e9 avec le droit fran\u00e7ais et notamment des dispositions de la loi n\u00b02004-575 du 21 juin 2004 \u00ab pour la confiance dans l\u2019\u00e9conomie num\u00e9rique \u00bb et de la loi n\u00b078-17 du 6 janvier 1978 \u00ab Informatique et Libert\u00e9s \u00bb modifi\u00e9e par la loi n\u00b02004-801 du 6 ao\u00fbt 2004 \u00ab relative \u00e0 la protection des personnes physiques \u00e0 l\u2019\u00e9gard des traitements de donn\u00e9es \u00e0 caract\u00e8re personnel \u00ab . Les juridictions fran\u00e7aises sont territorialement comp\u00e9tentes pour conna\u00eetre de tout litige aff\u00e9rent \u00e0 l\u2019utilisation du Site, sauf dispositions contraires d\u00e9coulant du R\u00e8glement de Bruxelles du 20 d\u00e9cembre 2000 sur la comp\u00e9tence judiciaire et l\u2019ex\u00e9cution des jugements.<\/p>\r\n\r\n\r\n\r\n<p>Pour toute question que l\u2019internaute pourrait se poser sur l\u2019utilisation du Site et\/ou sur les pr\u00e9sentes mentions, pour toute demande qu\u2019il pourrait souhaiter adresser \u00e0\u00a0<strong><strong>PHILIPPE BARBOSA<\/strong><\/strong>, il peut adresser un courrier \u00e9lectronique \u00e0 l\u2019adresse\u00a0suivante :\u00a0<a href=\"mailto:eshop@lapresticouiston.com\">contact@philippebarbosa.com<\/a><\/p>\r\n","protected":false},"excerpt":{"rendered":"<p>I. IDENTIFICATION Le pr\u00e9sent site accessible \u00e0 l\u2019adresse\u00a0https:\/\/www.barbomusic.com\u00a0est \u00e9dit\u00e9 par\u00a0PHILIPPE BARBOSA, entreprise individuelle, immatricul\u00e9e num\u00e9ro RCS 501 301 295, dont le si\u00e8ge social est situ\u00e9 : 5 Rue Alfred Stevens, 75009 PARISLe Directeur de la publication du Site est : Philippe Barbosa en sa qualit\u00e9&#8230;<\/p>\n","protected":false},"author":1,"featured_media":0,"parent":0,"menu_order":0,"comment_status":"closed","ping_status":"open","template":"","meta":{"_monsterinsights_skip_tracking":false,"_monsterinsights_sitenote_active":false,"_monsterinsights_sitenote_note":"","_monsterinsights_sitenote_category":0,"footnotes":""},"class_list":["post-14151","page","type-page","status-publish","hentry"],"yoast_head":"<!-- This site is optimized with the Yoast SEO plugin v25.9 - https:\/\/yoast.com\/wordpress\/plugins\/seo\/ -->\n<title>BARBO \u2022 Guitarrista ac\u00fastico : Mentions L\u00e9gales<\/title>\n<meta name=\"robots\" content=\"index, follow, max-snippet:-1, max-image-preview:large, max-video-preview:-1\" \/>\n<link rel=\"canonical\" href=\"https:\/\/barbomusic.com\/es\/mentions-legales\/\" \/>\n<meta property=\"og:locale\" content=\"es_ES\" \/>\n<meta property=\"og:type\" content=\"article\" \/>\n<meta property=\"og:title\" content=\"BARBO \u2022 Guitarrista ac\u00fastico : Mentions L\u00e9gales\" \/>\n<meta property=\"og:description\" content=\"I. IDENTIFICATION Le pr\u00e9sent site accessible \u00e0 l\u2019adresse\u00a0https:\/\/www.barbomusic.com\u00a0est \u00e9dit\u00e9 par\u00a0PHILIPPE BARBOSA, entreprise individuelle, immatricul\u00e9e num\u00e9ro RCS 501 301 295, dont le si\u00e8ge social est situ\u00e9 : 5 Rue Alfred Stevens, 75009 PARISLe Directeur de la publication du Site est : Philippe Barbosa en sa qualit\u00e9...\" \/>\n<meta property=\"og:url\" content=\"https:\/\/barbomusic.com\/es\/mentions-legales\/\" \/>\n<meta property=\"og:site_name\" content=\"BARBO \u2022 Guitarrista ac\u00fastico\" \/>\n<meta property=\"article:publisher\" content=\"https:\/\/www.facebook.com\/barbomusique\/\" \/>\n<meta property=\"article:modified_time\" content=\"2020-05-26T09:01:13+00:00\" \/>\n<meta property=\"og:image\" content=\"https:\/\/barbomusic.com\/wp-content\/uploads\/2020\/05\/social-media.jpg\" \/>\n\t<meta property=\"og:image:width\" content=\"1200\" \/>\n\t<meta property=\"og:image:height\" content=\"630\" \/>\n\t<meta property=\"og:image:type\" content=\"image\/jpeg\" \/>\n<meta name=\"twitter:card\" content=\"summary_large_image\" \/>\n<meta name=\"twitter:site\" content=\"@barbomusic1\" \/>\n<meta name=\"twitter:label1\" content=\"Est. reading time\" \/>\n\t<meta name=\"twitter:data1\" content=\"7 minutes\" \/>\n<script type=\"application\/ld+json\" class=\"yoast-schema-graph\">{\"@context\":\"https:\/\/schema.org\",\"@graph\":[{\"@type\":\"WebPage\",\"@id\":\"https:\/\/barbomusic.com\/es\/mentions-legales\/\",\"url\":\"https:\/\/barbomusic.com\/es\/mentions-legales\/\",\"name\":\"BARBO \u2022 Guitarrista ac\u00fastico : Mentions L\u00e9gales\",\"isPartOf\":{\"@id\":\"https:\/\/barbomusic.com\/#website\"},\"datePublished\":\"2019-12-16T08:02:13+00:00\",\"dateModified\":\"2020-05-26T09:01:13+00:00\",\"breadcrumb\":{\"@id\":\"https:\/\/barbomusic.com\/es\/mentions-legales\/#breadcrumb\"},\"inLanguage\":\"es-ES\",\"potentialAction\":[{\"@type\":\"ReadAction\",\"target\":[\"https:\/\/barbomusic.com\/es\/mentions-legales\/\"]}]},{\"@type\":\"BreadcrumbList\",\"@id\":\"https:\/\/barbomusic.com\/es\/mentions-legales\/#breadcrumb\",\"itemListElement\":[{\"@type\":\"ListItem\",\"position\":1,\"name\":\"Home\",\"item\":\"https:\/\/barbomusic.com\/es\/\"},{\"@type\":\"ListItem\",\"position\":2,\"name\":\"Mentions L\u00e9gales\"}]},{\"@type\":\"WebSite\",\"@id\":\"https:\/\/barbomusic.com\/#website\",\"url\":\"https:\/\/barbomusic.com\/\",\"name\":\"BARBO \u2022 Guitarrista ac\u00fastico\",\"description\":\"\u00a1PRIMER \u00c1LBUM DISPONIBLE! Escuchen &quot;Un voyage Isol\u00e9&quot; en Spotify, Deezer y Tidal.\",\"potentialAction\":[{\"@type\":\"SearchAction\",\"target\":{\"@type\":\"EntryPoint\",\"urlTemplate\":\"https:\/\/barbomusic.com\/search\/{search_term_string}\"},\"query-input\":{\"@type\":\"PropertyValueSpecification\",\"valueRequired\":true,\"valueName\":\"search_term_string\"}}],\"inLanguage\":\"es-ES\"}]}<\/script>\n<!-- \/ Yoast SEO plugin. -->","yoast_head_json":{"title":"BARBO \u2022 Guitarrista ac\u00fastico : Mentions L\u00e9gales","robots":{"index":"index","follow":"follow","max-snippet":"max-snippet:-1","max-image-preview":"max-image-preview:large","max-video-preview":"max-video-preview:-1"},"canonical":"https:\/\/barbomusic.com\/es\/mentions-legales\/","og_locale":"es_ES","og_type":"article","og_title":"BARBO \u2022 Guitarrista ac\u00fastico : Mentions L\u00e9gales","og_description":"I. IDENTIFICATION Le pr\u00e9sent site accessible \u00e0 l\u2019adresse\u00a0https:\/\/www.barbomusic.com\u00a0est \u00e9dit\u00e9 par\u00a0PHILIPPE BARBOSA, entreprise individuelle, immatricul\u00e9e num\u00e9ro RCS 501 301 295, dont le si\u00e8ge social est situ\u00e9 : 5 Rue Alfred Stevens, 75009 PARISLe Directeur de la publication du Site est : Philippe Barbosa en sa qualit\u00e9...","og_url":"https:\/\/barbomusic.com\/es\/mentions-legales\/","og_site_name":"BARBO \u2022 Guitarrista ac\u00fastico","article_publisher":"https:\/\/www.facebook.com\/barbomusique\/","article_modified_time":"2020-05-26T09:01:13+00:00","og_image":[{"width":1200,"height":630,"url":"https:\/\/barbomusic.com\/wp-content\/uploads\/2020\/05\/social-media.jpg","type":"image\/jpeg"}],"twitter_card":"summary_large_image","twitter_site":"@barbomusic1","twitter_misc":{"Est. reading time":"7 minutes"},"schema":{"@context":"https:\/\/schema.org","@graph":[{"@type":"WebPage","@id":"https:\/\/barbomusic.com\/es\/mentions-legales\/","url":"https:\/\/barbomusic.com\/es\/mentions-legales\/","name":"BARBO \u2022 Guitarrista ac\u00fastico : Mentions L\u00e9gales","isPartOf":{"@id":"https:\/\/barbomusic.com\/#website"},"datePublished":"2019-12-16T08:02:13+00:00","dateModified":"2020-05-26T09:01:13+00:00","breadcrumb":{"@id":"https:\/\/barbomusic.com\/es\/mentions-legales\/#breadcrumb"},"inLanguage":"es-ES","potentialAction":[{"@type":"ReadAction","target":["https:\/\/barbomusic.com\/es\/mentions-legales\/"]}]},{"@type":"BreadcrumbList","@id":"https:\/\/barbomusic.com\/es\/mentions-legales\/#breadcrumb","itemListElement":[{"@type":"ListItem","position":1,"name":"Home","item":"https:\/\/barbomusic.com\/es\/"},{"@type":"ListItem","position":2,"name":"Mentions L\u00e9gales"}]},{"@type":"WebSite","@id":"https:\/\/barbomusic.com\/#website","url":"https:\/\/barbomusic.com\/","name":"BARBO \u2022 Guitarrista ac\u00fastico","description":"\u00a1PRIMER \u00c1LBUM DISPONIBLE! Escuchen &quot;Un voyage Isol\u00e9&quot; en Spotify, Deezer y Tidal.","potentialAction":[{"@type":"SearchAction","target":{"@type":"EntryPoint","urlTemplate":"https:\/\/barbomusic.com\/search\/{search_term_string}"},"query-input":{"@type":"PropertyValueSpecification","valueRequired":true,"valueName":"search_term_string"}}],"inLanguage":"es-ES"}]}},"jetpack_sharing_enabled":true,"_links":{"self":[{"href":"https:\/\/barbomusic.com\/es\/wp-json\/wp\/v2\/pages\/14151","targetHints":{"allow":["GET"]}}],"collection":[{"href":"https:\/\/barbomusic.com\/es\/wp-json\/wp\/v2\/pages"}],"about":[{"href":"https:\/\/barbomusic.com\/es\/wp-json\/wp\/v2\/types\/page"}],"author":[{"embeddable":true,"href":"https:\/\/barbomusic.com\/es\/wp-json\/wp\/v2\/users\/1"}],"replies":[{"embeddable":true,"href":"https:\/\/barbomusic.com\/es\/wp-json\/wp\/v2\/comments?post=14151"}],"version-history":[{"count":0,"href":"https:\/\/barbomusic.com\/es\/wp-json\/wp\/v2\/pages\/14151\/revisions"}],"wp:attachment":[{"href":"https:\/\/barbomusic.com\/es\/wp-json\/wp\/v2\/media?parent=14151"}],"curies":[{"name":"wp","href":"https:\/\/api.w.org\/{rel}","templated":true}]}}