{"id":7471,"date":"2020-05-11T20:58:13","date_gmt":"2020-05-11T18:58:13","guid":{"rendered":"https:\/\/barbomusic.com\/?post_type=product&#038;p=7471"},"modified":"2020-06-12T11:44:54","modified_gmt":"2020-06-12T09:44:54","slug":"un-voyage-isole-album-mp3","status":"publish","type":"product","link":"https:\/\/barbomusic.com\/de\/produit\/un-voyage-isole-album-mp3\/","title":{"rendered":"&#8220;Un Voyage Isol\u00e9&#8221; &#8211; Album MP3"},"content":{"rendered":"","protected":false},"excerpt":{"rendered":"<p>Album au format .mp3 contenant les 9 morceaux de l\u2019album.<\/p>\n","protected":false},"featured_media":7248,"template":"","meta":{"_monsterinsights_skip_tracking":false,"_monsterinsights_sitenote_active":false,"_monsterinsights_sitenote_note":"","_monsterinsights_sitenote_category":0},"product_brand":[],"product_cat":[152],"product_tag":[],"class_list":{"0":"post-7471","1":"product","2":"type-product","3":"status-publish","4":"has-post-thumbnail","6":"product_cat-albums","8":"first","9":"instock","10":"sale","11":"downloadable","12":"virtual","13":"sold-individually","14":"purchasable","15":"product-type-simple"},"yoast_head":"<!-- This site is optimized with the Yoast SEO plugin v25.9 - https:\/\/yoast.com\/wordpress\/plugins\/seo\/ -->\n<title>BARBO \u2022 Gitarrist Akustik : Acheter &quot;Un Voyage Isol\u00e9&quot; - Album MP3<\/title>\n<meta name=\"description\" content=\"Album au format .mp3 contenant les 9 morceaux de l\u2019album. Vous pouvez soutenir mon travail et mes projets musicaux gr\u00e2ce \u00e0 cette boutique. Merci !\" \/>\n<meta name=\"robots\" content=\"index, follow, max-snippet:-1, max-image-preview:large, max-video-preview:-1\" \/>\n<link rel=\"canonical\" href=\"https:\/\/barbomusic.com\/de\/produit\/un-voyage-isole-album-mp3\/\" \/>\n<meta property=\"og:locale\" content=\"de_DE\" \/>\n<meta property=\"og:type\" content=\"article\" \/>\n<meta property=\"og:title\" content=\"BARBO \u2022 Gitarrist Akustik : Acheter &quot;Un Voyage Isol\u00e9&quot; - Album MP3\" \/>\n<meta property=\"og:description\" content=\"Album au format .mp3 contenant les 9 morceaux de l\u2019album. Vous pouvez soutenir mon travail et mes projets musicaux gr\u00e2ce \u00e0 cette boutique. Merci !\" \/>\n<meta property=\"og:url\" content=\"https:\/\/barbomusic.com\/produit\/un-voyage-isole-album-mp3\/\" \/>\n<meta property=\"og:site_name\" content=\"BARBO \u2022 Gitarrist Akustik\" \/>\n<meta property=\"article:publisher\" content=\"https:\/\/www.facebook.com\/barbomusique\/\" \/>\n<meta property=\"article:modified_time\" content=\"2020-06-12T09:44:54+00:00\" \/>\n<meta property=\"og:image\" content=\"https:\/\/barbomusic.com\/wp-content\/uploads\/2020\/05\/UnVoyageIsole-COVER-1920.png\" \/>\n\t<meta property=\"og:image:width\" content=\"1920\" \/>\n\t<meta property=\"og:image:height\" content=\"1920\" \/>\n\t<meta property=\"og:image:type\" content=\"image\/png\" \/>\n<meta name=\"twitter:card\" content=\"summary_large_image\" \/>\n<meta name=\"twitter:site\" content=\"@barbomusic1\" \/>\n<script type=\"application\/ld+json\" class=\"yoast-schema-graph\">{\"@context\":\"https:\/\/schema.org\",\"@graph\":[{\"@type\":\"WebPage\",\"@id\":\"https:\/\/barbomusic.com\/produit\/un-voyage-isole-album-mp3\/\",\"url\":\"https:\/\/barbomusic.com\/produit\/un-voyage-isole-album-mp3\/\",\"name\":\"BARBO \u2022 Gitarrist Akustik : Acheter \\\"Un Voyage Isol\u00e9\\\" - Album MP3\",\"isPartOf\":{\"@id\":\"https:\/\/barbomusic.com\/#website\"},\"primaryImageOfPage\":{\"@id\":\"https:\/\/barbomusic.com\/produit\/un-voyage-isole-album-mp3\/#primaryimage\"},\"image\":{\"@id\":\"https:\/\/barbomusic.com\/produit\/un-voyage-isole-album-mp3\/#primaryimage\"},\"thumbnailUrl\":\"\/wp-content\/uploads\/2020\/05\/UnVoyageIsole-COVER-1920.png\",\"datePublished\":\"2020-05-11T18:58:13+00:00\",\"dateModified\":\"2020-06-12T09:44:54+00:00\",\"description\":\"Album au format .mp3 contenant les 9 morceaux de l\u2019album. Vous pouvez soutenir mon travail et mes projets musicaux gr\u00e2ce \u00e0 cette boutique. Merci !\",\"breadcrumb\":{\"@id\":\"https:\/\/barbomusic.com\/produit\/un-voyage-isole-album-mp3\/#breadcrumb\"},\"inLanguage\":\"de-DE\",\"potentialAction\":[{\"@type\":\"ReadAction\",\"target\":[\"https:\/\/barbomusic.com\/produit\/un-voyage-isole-album-mp3\/\"]}]},{\"@type\":\"ImageObject\",\"inLanguage\":\"de-DE\",\"@id\":\"https:\/\/barbomusic.com\/produit\/un-voyage-isole-album-mp3\/#primaryimage\",\"url\":\"\/wp-content\/uploads\/2020\/05\/UnVoyageIsole-COVER-1920.png\",\"contentUrl\":\"\/wp-content\/uploads\/2020\/05\/UnVoyageIsole-COVER-1920.png\",\"width\":1920,\"height\":1920},{\"@type\":\"BreadcrumbList\",\"@id\":\"https:\/\/barbomusic.com\/produit\/un-voyage-isole-album-mp3\/#breadcrumb\",\"itemListElement\":[{\"@type\":\"ListItem\",\"position\":1,\"name\":\"Home\",\"item\":\"https:\/\/barbomusic.com\/de\/\"},{\"@type\":\"ListItem\",\"position\":2,\"name\":\"Boutique\",\"item\":\"https:\/\/barbomusic.com\/boutique\/\"},{\"@type\":\"ListItem\",\"position\":3,\"name\":\"\u00ab\u00a0Un Voyage Isol\u00e9\u00a0\u00bb &#8211; Album MP3\"}]},{\"@type\":\"WebSite\",\"@id\":\"https:\/\/barbomusic.com\/#website\",\"url\":\"https:\/\/barbomusic.com\/\",\"name\":\"BARBO \u2022 Gitarrist Akustik\",\"description\":\"Album verf\u00fcgbar ! H\u00f6ren Sie &quot;Un voyage Isol\u00e9&quot; auf allen Streaming-Plattformen\",\"potentialAction\":[{\"@type\":\"SearchAction\",\"target\":{\"@type\":\"EntryPoint\",\"urlTemplate\":\"https:\/\/barbomusic.com\/search\/{search_term_string}\"},\"query-input\":{\"@type\":\"PropertyValueSpecification\",\"valueRequired\":true,\"valueName\":\"search_term_string\"}}],\"inLanguage\":\"de-DE\"}]}<\/script>\n<!-- \/ Yoast SEO plugin. -->","yoast_head_json":{"title":"BARBO \u2022 Gitarrist Akustik : Acheter \"Un Voyage Isol\u00e9\" - Album MP3","description":"Album au format .mp3 contenant les 9 morceaux de l\u2019album. Vous pouvez soutenir mon travail et mes projets musicaux gr\u00e2ce \u00e0 cette boutique. Merci !","robots":{"index":"index","follow":"follow","max-snippet":"max-snippet:-1","max-image-preview":"max-image-preview:large","max-video-preview":"max-video-preview:-1"},"canonical":"https:\/\/barbomusic.com\/de\/produit\/un-voyage-isole-album-mp3\/","og_locale":"de_DE","og_type":"article","og_title":"BARBO \u2022 Gitarrist Akustik : Acheter \"Un Voyage Isol\u00e9\" - Album MP3","og_description":"Album au format .mp3 contenant les 9 morceaux de l\u2019album. Vous pouvez soutenir mon travail et mes projets musicaux gr\u00e2ce \u00e0 cette boutique. Merci !","og_url":"https:\/\/barbomusic.com\/produit\/un-voyage-isole-album-mp3\/","og_site_name":"BARBO \u2022 Gitarrist Akustik","article_publisher":"https:\/\/www.facebook.com\/barbomusique\/","article_modified_time":"2020-06-12T09:44:54+00:00","og_image":[{"width":1920,"height":1920,"url":"https:\/\/barbomusic.com\/wp-content\/uploads\/2020\/05\/UnVoyageIsole-COVER-1920.png","type":"image\/png"}],"twitter_card":"summary_large_image","twitter_site":"@barbomusic1","schema":{"@context":"https:\/\/schema.org","@graph":[{"@type":"WebPage","@id":"https:\/\/barbomusic.com\/produit\/un-voyage-isole-album-mp3\/","url":"https:\/\/barbomusic.com\/produit\/un-voyage-isole-album-mp3\/","name":"BARBO \u2022 Gitarrist Akustik : Acheter \"Un Voyage Isol\u00e9\" - Album MP3","isPartOf":{"@id":"https:\/\/barbomusic.com\/#website"},"primaryImageOfPage":{"@id":"https:\/\/barbomusic.com\/produit\/un-voyage-isole-album-mp3\/#primaryimage"},"image":{"@id":"https:\/\/barbomusic.com\/produit\/un-voyage-isole-album-mp3\/#primaryimage"},"thumbnailUrl":"\/wp-content\/uploads\/2020\/05\/UnVoyageIsole-COVER-1920.png","datePublished":"2020-05-11T18:58:13+00:00","dateModified":"2020-06-12T09:44:54+00:00","description":"Album au format .mp3 contenant les 9 morceaux de l\u2019album. Vous pouvez soutenir mon travail et mes projets musicaux gr\u00e2ce \u00e0 cette boutique. Merci !","breadcrumb":{"@id":"https:\/\/barbomusic.com\/produit\/un-voyage-isole-album-mp3\/#breadcrumb"},"inLanguage":"de-DE","potentialAction":[{"@type":"ReadAction","target":["https:\/\/barbomusic.com\/produit\/un-voyage-isole-album-mp3\/"]}]},{"@type":"ImageObject","inLanguage":"de-DE","@id":"https:\/\/barbomusic.com\/produit\/un-voyage-isole-album-mp3\/#primaryimage","url":"\/wp-content\/uploads\/2020\/05\/UnVoyageIsole-COVER-1920.png","contentUrl":"\/wp-content\/uploads\/2020\/05\/UnVoyageIsole-COVER-1920.png","width":1920,"height":1920},{"@type":"BreadcrumbList","@id":"https:\/\/barbomusic.com\/produit\/un-voyage-isole-album-mp3\/#breadcrumb","itemListElement":[{"@type":"ListItem","position":1,"name":"Home","item":"https:\/\/barbomusic.com\/de\/"},{"@type":"ListItem","position":2,"name":"Boutique","item":"https:\/\/barbomusic.com\/boutique\/"},{"@type":"ListItem","position":3,"name":"\u00ab\u00a0Un Voyage Isol\u00e9\u00a0\u00bb &#8211; Album MP3"}]},{"@type":"WebSite","@id":"https:\/\/barbomusic.com\/#website","url":"https:\/\/barbomusic.com\/","name":"BARBO \u2022 Gitarrist Akustik","description":"Album verf\u00fcgbar ! H\u00f6ren Sie &quot;Un voyage Isol\u00e9&quot; auf allen Streaming-Plattformen","potentialAction":[{"@type":"SearchAction","target":{"@type":"EntryPoint","urlTemplate":"https:\/\/barbomusic.com\/search\/{search_term_string}"},"query-input":{"@type":"PropertyValueSpecification","valueRequired":true,"valueName":"search_term_string"}}],"inLanguage":"de-DE"}]}},"jetpack_sharing_enabled":true,"_links":{"self":[{"href":"https:\/\/barbomusic.com\/de\/wp-json\/wp\/v2\/product\/7471","targetHints":{"allow":["GET"]}}],"collection":[{"href":"https:\/\/barbomusic.com\/de\/wp-json\/wp\/v2\/product"}],"about":[{"href":"https:\/\/barbomusic.com\/de\/wp-json\/wp\/v2\/types\/product"}],"wp:featuredmedia":[{"embeddable":true,"href":"https:\/\/barbomusic.com\/de\/wp-json\/wp\/v2\/media\/7248"}],"wp:attachment":[{"href":"https:\/\/barbomusic.com\/de\/wp-json\/wp\/v2\/media?parent=7471"}],"wp:term":[{"taxonomy":"product_brand","embeddable":true,"href":"https:\/\/barbomusic.com\/de\/wp-json\/wp\/v2\/product_brand?post=7471"},{"taxonomy":"product_cat","embeddable":true,"href":"https:\/\/barbomusic.com\/de\/wp-json\/wp\/v2\/product_cat?post=7471"},{"taxonomy":"product_tag","embeddable":true,"href":"https:\/\/barbomusic.com\/de\/wp-json\/wp\/v2\/product_tag?post=7471"}],"curies":[{"name":"wp","href":"https:\/\/api.w.org\/{rel}","templated":true}]}}